{"id":988418,"date":"2021-01-26T09:42:34","date_gmt":"2021-01-26T08:42:34","guid":{"rendered":"https:\/\/www.aureliaseaview.it\/?page_id=988418"},"modified":"2021-07-26T17:43:42","modified_gmt":"2021-07-26T15:43:42","slug":"savelletri","status":"publish","type":"page","link":"https:\/\/www.aureliaseaview.it\/en\/savelletri\/","title":{"rendered":"Savelletri"},"content":{"rendered":"<div class=\"vgblk-rw-wrapper limit-wrapper\">\r\n<h2>Book your sea view holiday<\/h2>\r\n<div id=\"formEstimater\" class=\"grid\"><\/div><script type=\"text\/javascript\">\n               window.addEventListener(\"load\", function(event) {\n                  Estimater.init({\n                    selector: \"formEstimater\",\n                    urldomain: \"https:\/\/virgil.aureliaseaview.it\",\n                    payment: \"1\",\n                    image: 0,\n                    setTreatment: 1,\n                    lang: \"en\",\n                    tagCode: \"GTM-K4N6V6N\",\n                    siteName: \"Aurelia Sea View\"\n                  });\n                });    \n    <\/script>\r\n<h2>Cosa fare e cosa vedere a Savelletri<\/h2>\r\n<p><strong>Savelletri<\/strong> \u00e8 una splendida localit\u00e0 pugliese famosa per le sue <strong>spiagge<\/strong> stupende e per il mare incantevole e incontaminato; ogni <strong>estate<\/strong> numerosi <strong>turisti<\/strong> vi si recano per trascorrere le proprie <strong>vacanze<\/strong>, rimanendo stupiti per l&#8217;accoglienza loro riservata dalla gente del posto e dai molti punti d&#8217;interesse tutti da scoprire.<\/p>\r\n<p>Nei pressi di <strong>Savelletri<\/strong> vi sono <strong>musei<\/strong>, <strong>parchi archeologici<\/strong> e soprattutto l&#8217;imperdibile <strong>Zoosafari di Fasano<\/strong>, attrazione visitata da migliaia di persone ogni anno, perfetta per <strong>famiglie con bambini<\/strong> curiosi e affascinati dal mondo animale.<\/p>\r\n<p>Vediamo di seguito quali sono gli altri luoghi da vedere a <strong>Savelletri<\/strong> e le opportunit\u00e0 offerte per vivere una <strong>vacanza<\/strong> indimenticabile.<\/p>\r\n<h3>Le spiagge di Savelletri<\/h3>\r\n<p>Il litorale di <strong>Savelletri<\/strong>, nel bel mezzo di un tratto costiero piuttosto roccioso, \u00e8 caratterizzato dalla presenza di sabbia fine e fondali poco profondi ed \u00e8 certificata con la <strong>Bandiera Blu<\/strong> e le <strong>4 vele di Legambiente<\/strong>, garanzia di un mare pulito e limpido.<\/p>\r\n<p>Il gran numero di <strong>lidi<\/strong>, sparsi tra la spiaggia di <strong>Torre Canne<\/strong> e quella di <strong>Torre Egnazia<\/strong>, mettono a disposizione dei propri clienti un vasto elenco di <strong>servizi balneari<\/strong> e non (<strong>bar<\/strong>, <strong>ristorante<\/strong>, <strong>parcheggio privato<\/strong>&#8230;), comprese le attivit\u00e0 di <strong>snorkeling<\/strong> e <strong>immersioni subacquee<\/strong>; in piena sintonia con le tradizioni del luogo, spesso vengono organizzati anche <strong>corsi di pesca<\/strong> per principianti, per imparare in pochi giorni tecniche e trucchi da veri esperti.<\/p>\r\n<p>I lidi si occupano anche dell&#8217;intrattenimento serale e notturno, con <strong>happy hour<\/strong>, <strong>eventi<\/strong> e serate a tema che vedono spesso la presenza di famosi <strong>dj<\/strong> e personalit\u00e0 del mondo dello spettacolo, offrendo inoltre la possibilit\u00e0 di organizzare <strong>feste private<\/strong> in riva al <strong>mare<\/strong>, con un&#8217;atmosfera magica ed appagante.<\/p>\r\n<p>Ciascuno pu\u00f2 trovare senza difficolt\u00e0 lo <strong>stabilimento balneare<\/strong> che fa al caso proprio: ce ne sono sia per <strong>famiglie<\/strong> che per giovani con voglia di divertirsi\u2026e in alcuni \u00e8 anche permesso portare con s\u00e9 il proprio <strong>amico a quattro zampe<\/strong>, mentre in altri si pu\u00f2 sostare con il <strong>camper<\/strong>.<\/p>\r\n<h3>Tradizioni e cultura a Savelletri<\/h3>\r\n<p><strong>Savelletri<\/strong> \u00e8 una cittadina ricca di cultura e tradizioni storiche molto sentite dalla comunit\u00e0 locale; particolare \u00e8 la rappresentazione &#8220;<strong>La Befana vien dal mare<\/strong>&#8220;, che si tiene ogni anno il giorno dell&#8217;<strong>Epifania<\/strong>, come anche la <strong>Mostra dell&#8217;artigianato fasanese<\/strong>, tramite cui vengono esposti oggetti interamente realizzati a mano come una volta (abiti da sposa, manufatti realizzati ad uncinetto, pentole ed utensili di rame, vasi ed anfore in terracotta&#8230;).<\/p>\r\n<p>Forse non tutti sanno che <strong>Savelletri<\/strong> \u00e8 la patria dei <strong>ricci di mare<\/strong>! Nei <strong>ristoranti<\/strong> locali vengono serviti in una miriade di modi diversi, sia tradizionali che innovativi.<\/p>\r\n<p>Un consiglio \u00e8 di fermarsi al <strong>porto cittadino<\/strong> se si \u00e8 di passaggio da quelle parti per l&#8217;ora di <strong>pranzo<\/strong>: troverete dei <strong>pescatori<\/strong> con <strong>ricci di mare<\/strong> freschissimi e molti degli stessi pescatori si adoperano per preparare piccoli piatti espressi, assolutamente gustosi e genuini.<\/p>\r\n<p>Infine, \u00e8 doveroso menzionare il <strong>Parco archeologico di Egnazia<\/strong>, a poca distanza da <strong>Savelletri<\/strong>, dove gli scavi, tutt&#8217;ora in corso, hanno riportato alla luce un piccolo centro abitato risalente all&#8217;epoca romana e messapica: un vero gioiello per gli amanti della storia antica.<\/p>\r\n<\/div><!-- .vgblk-rw-wrapper -->","protected":false},"excerpt":{"rendered":"<p>Book your sea view holiday Cosa fare e cosa vedere a Savelletri Savelletri \u00e8 una splendida localit\u00e0 pugliese famosa per le sue spiagge stupende e per il mare incantevole e incontaminato; ogni estate numerosi turisti vi si recano per trascorrere le proprie vacanze, rimanendo stupiti per l&#8217;accoglienza loro riservata dalla gente del posto e dai&#8230;<\/p>\n","protected":false},"author":1,"featured_media":0,"parent":0,"menu_order":0,"comment_status":"closed","ping_status":"closed","template":"","meta":{"inline_featured_image":false,"footnotes":""},"class_list":["post-988418","page","type-page","status-publish","hentry"],"yoast_head":"<!-- This site is optimized with the Yoast SEO plugin v27.5 - https:\/\/yoast.com\/product\/yoast-seo-wordpress\/ -->\n<title>Savelletri What to See - Puglia - For your Holidays<\/title>\n<meta name=\"description\" content=\"Find out what to see in Savelletri, a well-known destination for spending your holidays in Puglia. We are waiting for you for a dream vacation.\" \/>\n<meta name=\"robots\" content=\"index, follow, max-snippet:-1, max-image-preview:large, max-video-preview:-1\" \/>\n<link rel=\"canonical\" href=\"https:\/\/www.aureliaseaview.it\/en\/savelletri\/\" \/>\n<meta property=\"og:locale\" content=\"en_US\" \/>\n<meta property=\"og:type\" content=\"article\" \/>\n<meta property=\"og:title\" content=\"30\" \/>\n<meta property=\"og:description\" content=\"false\" \/>\n<meta property=\"og:url\" content=\"https:\/\/www.aureliaseaview.it\/en\/savelletri\/\" \/>\n<meta property=\"og:site_name\" content=\"Aurelia Seaview\" \/>\n<meta property=\"article:modified_time\" content=\"2021-07-26T15:43:42+00:00\" \/>\n<meta name=\"twitter:card\" content=\"summary_large_image\" \/>\n<script type=\"application\/ld+json\" class=\"yoast-schema-graph\">{\"@context\":\"https:\\\/\\\/schema.org\",\"@graph\":[{\"@type\":\"WebPage\",\"@id\":\"https:\\\/\\\/www.aureliaseaview.it\\\/en\\\/savelletri\\\/\",\"url\":\"https:\\\/\\\/www.aureliaseaview.it\\\/en\\\/savelletri\\\/\",\"name\":\"Savelletri What to See - Puglia - For your Holidays\",\"isPartOf\":{\"@id\":\"https:\\\/\\\/www.aureliaseaview.it\\\/#website\"},\"datePublished\":\"2021-01-26T08:42:34+00:00\",\"dateModified\":\"2021-07-26T15:43:42+00:00\",\"description\":\"Find out what to see in Savelletri, a well-known destination for spending your holidays in Puglia. We are waiting for you for a dream vacation.\",\"breadcrumb\":{\"@id\":\"https:\\\/\\\/www.aureliaseaview.it\\\/en\\\/savelletri\\\/#breadcrumb\"},\"inLanguage\":\"en-US\",\"potentialAction\":[{\"@type\":\"ReadAction\",\"target\":[\"https:\\\/\\\/www.aureliaseaview.it\\\/en\\\/savelletri\\\/\"]}]},{\"@type\":\"BreadcrumbList\",\"@id\":\"https:\\\/\\\/www.aureliaseaview.it\\\/en\\\/savelletri\\\/#breadcrumb\",\"itemListElement\":[{\"@type\":\"ListItem\",\"position\":1,\"name\":\"Home\",\"item\":\"https:\\\/\\\/www.aureliaseaview.it\\\/en\\\/\"},{\"@type\":\"ListItem\",\"position\":2,\"name\":\"Savelletri\"}]},{\"@type\":\"WebSite\",\"@id\":\"https:\\\/\\\/www.aureliaseaview.it\\\/#website\",\"url\":\"https:\\\/\\\/www.aureliaseaview.it\\\/\",\"name\":\"Aurelia Seaview\",\"description\":\"\",\"publisher\":{\"@id\":\"https:\\\/\\\/www.aureliaseaview.it\\\/#organization\"},\"potentialAction\":[{\"@type\":\"SearchAction\",\"target\":{\"@type\":\"EntryPoint\",\"urlTemplate\":\"https:\\\/\\\/www.aureliaseaview.it\\\/?s={search_term_string}\"},\"query-input\":{\"@type\":\"PropertyValueSpecification\",\"valueRequired\":true,\"valueName\":\"search_term_string\"}}],\"inLanguage\":\"en-US\"},{\"@type\":\"Organization\",\"@id\":\"https:\\\/\\\/www.aureliaseaview.it\\\/#organization\",\"name\":\"Aurelia Seaview\",\"url\":\"https:\\\/\\\/www.aureliaseaview.it\\\/\",\"logo\":{\"@type\":\"ImageObject\",\"inLanguage\":\"en-US\",\"@id\":\"https:\\\/\\\/www.aureliaseaview.it\\\/#\\\/schema\\\/logo\\\/image\\\/\",\"url\":\"https:\\\/\\\/www.aureliaseaview.it\\\/wp-content\\\/uploads\\\/2021\\\/07\\\/AURELIA-SEA-VIEW-01.svg\",\"contentUrl\":\"https:\\\/\\\/www.aureliaseaview.it\\\/wp-content\\\/uploads\\\/2021\\\/07\\\/AURELIA-SEA-VIEW-01.svg\",\"caption\":\"Aurelia Seaview\"},\"image\":{\"@id\":\"https:\\\/\\\/www.aureliaseaview.it\\\/#\\\/schema\\\/logo\\\/image\\\/\"}}]}<\/script>\n<!-- \/ Yoast SEO plugin. -->","yoast_head_json":{"title":"Savelletri What to See - Puglia - For your Holidays","description":"Find out what to see in Savelletri, a well-known destination for spending your holidays in Puglia. We are waiting for you for a dream vacation.","robots":{"index":"index","follow":"follow","max-snippet":"max-snippet:-1","max-image-preview":"max-image-preview:large","max-video-preview":"max-video-preview:-1"},"canonical":"https:\/\/www.aureliaseaview.it\/en\/savelletri\/","og_locale":"en_US","og_type":"article","og_title":"30","og_description":"false","og_url":"https:\/\/www.aureliaseaview.it\/en\/savelletri\/","og_site_name":"Aurelia Seaview","article_modified_time":"2021-07-26T15:43:42+00:00","twitter_card":"summary_large_image","schema":{"@context":"https:\/\/schema.org","@graph":[{"@type":"WebPage","@id":"https:\/\/www.aureliaseaview.it\/en\/savelletri\/","url":"https:\/\/www.aureliaseaview.it\/en\/savelletri\/","name":"Savelletri What to See - Puglia - For your Holidays","isPartOf":{"@id":"https:\/\/www.aureliaseaview.it\/#website"},"datePublished":"2021-01-26T08:42:34+00:00","dateModified":"2021-07-26T15:43:42+00:00","description":"Find out what to see in Savelletri, a well-known destination for spending your holidays in Puglia. We are waiting for you for a dream vacation.","breadcrumb":{"@id":"https:\/\/www.aureliaseaview.it\/en\/savelletri\/#breadcrumb"},"inLanguage":"en-US","potentialAction":[{"@type":"ReadAction","target":["https:\/\/www.aureliaseaview.it\/en\/savelletri\/"]}]},{"@type":"BreadcrumbList","@id":"https:\/\/www.aureliaseaview.it\/en\/savelletri\/#breadcrumb","itemListElement":[{"@type":"ListItem","position":1,"name":"Home","item":"https:\/\/www.aureliaseaview.it\/en\/"},{"@type":"ListItem","position":2,"name":"Savelletri"}]},{"@type":"WebSite","@id":"https:\/\/www.aureliaseaview.it\/#website","url":"https:\/\/www.aureliaseaview.it\/","name":"Aurelia Seaview","description":"","publisher":{"@id":"https:\/\/www.aureliaseaview.it\/#organization"},"potentialAction":[{"@type":"SearchAction","target":{"@type":"EntryPoint","urlTemplate":"https:\/\/www.aureliaseaview.it\/?s={search_term_string}"},"query-input":{"@type":"PropertyValueSpecification","valueRequired":true,"valueName":"search_term_string"}}],"inLanguage":"en-US"},{"@type":"Organization","@id":"https:\/\/www.aureliaseaview.it\/#organization","name":"Aurelia Seaview","url":"https:\/\/www.aureliaseaview.it\/","logo":{"@type":"ImageObject","inLanguage":"en-US","@id":"https:\/\/www.aureliaseaview.it\/#\/schema\/logo\/image\/","url":"https:\/\/www.aureliaseaview.it\/wp-content\/uploads\/2021\/07\/AURELIA-SEA-VIEW-01.svg","contentUrl":"https:\/\/www.aureliaseaview.it\/wp-content\/uploads\/2021\/07\/AURELIA-SEA-VIEW-01.svg","caption":"Aurelia Seaview"},"image":{"@id":"https:\/\/www.aureliaseaview.it\/#\/schema\/logo\/image\/"}}]}},"_links":{"self":[{"href":"https:\/\/www.aureliaseaview.it\/en\/wp-json\/wp\/v2\/pages\/988418","targetHints":{"allow":["GET"]}}],"collection":[{"href":"https:\/\/www.aureliaseaview.it\/en\/wp-json\/wp\/v2\/pages"}],"about":[{"href":"https:\/\/www.aureliaseaview.it\/en\/wp-json\/wp\/v2\/types\/page"}],"author":[{"embeddable":true,"href":"https:\/\/www.aureliaseaview.it\/en\/wp-json\/wp\/v2\/users\/1"}],"replies":[{"embeddable":true,"href":"https:\/\/www.aureliaseaview.it\/en\/wp-json\/wp\/v2\/comments?post=988418"}],"version-history":[{"count":3,"href":"https:\/\/www.aureliaseaview.it\/en\/wp-json\/wp\/v2\/pages\/988418\/revisions"}],"predecessor-version":[{"id":988610,"href":"https:\/\/www.aureliaseaview.it\/en\/wp-json\/wp\/v2\/pages\/988418\/revisions\/988610"}],"wp:attachment":[{"href":"https:\/\/www.aureliaseaview.it\/en\/wp-json\/wp\/v2\/media?parent=988418"}],"curies":[{"name":"wp","href":"https:\/\/api.w.org\/{rel}","templated":true}]}}